{"id":10,"date":"2015-10-22T15:09:39","date_gmt":"2015-10-22T15:09:39","guid":{"rendered":"http:\/\/mp-computer.com\/homepage\/?page_id=10"},"modified":"2015-10-27T09:54:14","modified_gmt":"2015-10-27T09:54:14","slug":"wir-ueber-uns","status":"publish","type":"page","link":"https:\/\/www.mp-computer.com\/homepage\/wir-ueber-uns\/","title":{"rendered":"Wir \u00fcber uns"},"content":{"rendered":"<p>Seit der Gr\u00fcndung im August 1995 haben wir uns f\u00fcr unsere Kunden als zuverl\u00e4ssiger Partner in Sachen Computer erwiesen.<\/p>\n<p>Ihre Zufriedenheit ist unser Ziel!<\/p>\n<p>Unser T\u00e4tigkeitsfeld reicht von Computereinsteigern bis zu Gro\u00dfunternehmen wobei jeder einzelne wichtig genommen und nach seinen W\u00fcnschen beraten und ausgestattet wird. Diese Flexibilit\u00e4t ist das, was unsere Kunden an uns sch\u00e4tzen.<\/p>\n<p>Und diesen Service bieten wir nat\u00fcrlich auch bei Ihnen vor Ort!<\/p>\n<p>Wir bieten an:<\/p>\n<p>&#8211; Computer und Zubeh\u00f6r<br \/>\n&#8211; Notebooks und Tablet Computer<br \/>\n&#8211; Reparaturen und Erweiterungen<br \/>\n&#8211; Netzwerke unter Windows, NAS und Server<br \/>\n&#8211; Internetanbindung<br \/>\n&#8211; Web-Service<br \/>\n&#8211; IP-Kameras \/ \u00dcberwachungskameras<br \/>\n&#8211; und vieles mehr<\/p>\n<p>Was k\u00f6nnen wir f\u00fcr Sie tun ?<\/p>\n","protected":false},"excerpt":{"rendered":"<p>Seit der Gr\u00fcndung im August 1995 haben wir uns f\u00fcr unsere Kunden als zuverl\u00e4ssiger Partner in Sachen Computer erwiesen. Ihre Zufriedenheit ist unser Ziel! Unser T\u00e4tigkeitsfeld reicht von Computereinsteigern bis zu Gro\u00dfunternehmen wobei jeder einzelne wichtig genommen und nach seinen W\u00fcnschen beraten und ausgestattet wird. Diese Flexibilit\u00e4t ist das, was unsere Kunden an uns sch\u00e4tzen. [&hellip;]<\/p>\n","protected":false},"author":1,"featured_media":0,"parent":0,"menu_order":0,"comment_status":"closed","ping_status":"closed","template":"","meta":{"site-sidebar-layout":"default","site-content-layout":"","ast-site-content-layout":"default","site-content-style":"default","site-sidebar-style":"default","ast-global-header-display":"","ast-banner-title-visibility":"","ast-main-header-display":"","ast-hfb-above-header-display":"","ast-hfb-below-header-display":"","ast-hfb-mobile-header-display":"","site-post-title":"","ast-breadcrumbs-content":"","ast-featured-img":"","footer-sml-layout":"","ast-disable-related-posts":"","theme-transparent-header-meta":"","adv-header-id-meta":"","stick-header-meta":"","header-above-stick-meta":"","header-main-stick-meta":"","header-below-stick-meta":"","astra-migrate-meta-layouts":"default","ast-page-background-enabled":"default","ast-page-background-meta":{"desktop":{"background-color":"var(--ast-global-color-4)","background-image":"","background-repeat":"repeat","background-position":"center center","background-size":"auto","background-attachment":"scroll","background-type":"","background-media":"","overlay-type":"","overlay-color":"","overlay-opacity":"","overlay-gradient":""},"tablet":{"background-color":"","background-image":"","background-repeat":"repeat","background-position":"center center","background-size":"auto","background-attachment":"scroll","background-type":"","background-media":"","overlay-type":"","overlay-color":"","overlay-opacity":"","overlay-gradient":""},"mobile":{"background-color":"","background-image":"","background-repeat":"repeat","background-position":"center center","background-size":"auto","background-attachment":"scroll","background-type":"","background-media":"","overlay-type":"","overlay-color":"","overlay-opacity":"","overlay-gradient":""}},"ast-content-background-meta":{"desktop":{"background-color":"var(--ast-global-color-5)","background-image":"","background-repeat":"repeat","background-position":"center center","background-size":"auto","background-attachment":"scroll","background-type":"","background-media":"","overlay-type":"","overlay-color":"","overlay-opacity":"","overlay-gradient":""},"tablet":{"background-color":"var(--ast-global-color-5)","background-image":"","background-repeat":"repeat","background-position":"center center","background-size":"auto","background-attachment":"scroll","background-type":"","background-media":"","overlay-type":"","overlay-color":"","overlay-opacity":"","overlay-gradient":""},"mobile":{"background-color":"var(--ast-global-color-5)","background-image":"","background-repeat":"repeat","background-position":"center center","background-size":"auto","background-attachment":"scroll","background-type":"","background-media":"","overlay-type":"","overlay-color":"","overlay-opacity":"","overlay-gradient":""}},"footnotes":""},"class_list":["post-10","page","type-page","status-publish","hentry"],"_links":{"self":[{"href":"https:\/\/www.mp-computer.com\/homepage\/wp-json\/wp\/v2\/pages\/10","targetHints":{"allow":["GET"]}}],"collection":[{"href":"https:\/\/www.mp-computer.com\/homepage\/wp-json\/wp\/v2\/pages"}],"about":[{"href":"https:\/\/www.mp-computer.com\/homepage\/wp-json\/wp\/v2\/types\/page"}],"author":[{"embeddable":true,"href":"https:\/\/www.mp-computer.com\/homepage\/wp-json\/wp\/v2\/users\/1"}],"replies":[{"embeddable":true,"href":"https:\/\/www.mp-computer.com\/homepage\/wp-json\/wp\/v2\/comments?post=10"}],"version-history":[{"count":9,"href":"https:\/\/www.mp-computer.com\/homepage\/wp-json\/wp\/v2\/pages\/10\/revisions"}],"predecessor-version":[{"id":88,"href":"https:\/\/www.mp-computer.com\/homepage\/wp-json\/wp\/v2\/pages\/10\/revisions\/88"}],"wp:attachment":[{"href":"https:\/\/www.mp-computer.com\/homepage\/wp-json\/wp\/v2\/media?parent=10"}],"curies":[{"name":"wp","href":"https:\/\/api.w.org\/{rel}","templated":true}]}}