{"id":2,"date":"2015-10-22T11:29:26","date_gmt":"2015-10-22T11:29:26","guid":{"rendered":"http:\/\/mp-computer.com\/homepage\/?page_id=2"},"modified":"2026-03-18T12:30:48","modified_gmt":"2026-03-18T12:30:48","slug":"sample-page","status":"publish","type":"page","link":"https:\/\/www.mp-computer.com\/homepage\/","title":{"rendered":"Startseite"},"content":{"rendered":"<p align=\"left\"><b><span style=\"color: #0000ff;\"> <span style=\"font-family: Verdana;\">Hallo, wir freuen uns Sie auf unseren Seiten begr\u00fc\u00dfen zu d\u00fcrfen!<br \/>\n<\/span><\/span><\/b><\/p>\n<div align=\"center\">\n<p align=\"left\">Unser Ladengesch\u00e4ft befindet sich in Sch\u00fcttorf in der Grafschaft Bad Bentheim.<\/p>\n<p style=\"text-align: left;\" align=\"right\">Wir betreuen Privat und Gesch\u00e4ftskunden im\u00a0Bereich EDV \/ Netzwerk \/ IT &#8211; L\u00f6sungen.<\/p>\n<\/div>\n<div align=\"center\">\n<p style=\"text-align: center;\" align=\"right\"><strong>Unsere \u00d6ffnungszeiten<img loading=\"lazy\" decoding=\"async\" class=\" wp-image-76 alignright\" src=\"https:\/\/www.mp-computer.com\/homepage\/wp-content\/uploads\/2015\/10\/c_logo.gif\" alt=\"c_logo\" width=\"338\" height=\"186\" \/><\/strong><b><span style=\"font-family: Verdana; font-size: small;\"><br \/>\n<\/span><\/b><\/p>\n<p><strong>Montag bis Freitag:<br \/>\n<\/strong>10.00 bis 12.30 Uhr und 14:30 bis 18:30 Uhr<\/p>\n<p><strong>Sonnabend:\u00a0<\/strong><br \/>\ngeschlossen<\/p>\n<p><strong>Adresse: <\/strong><br \/>\nHessenweg 17<br \/>\n48465 Sch\u00fcttorf<br \/>\nTel.:\u00a0 05923 71017<br \/>\nFax:\u00a0 05923 71009<\/p>\n<p><b><span style=\"font-family: Verdana; font-size: small;\"><br \/>\n<span style=\"color: #ff0000;\">Lassen Sie sich von uns beraten !<\/span><\/span><\/b><\/p>\n<\/div>\n","protected":false},"excerpt":{"rendered":"<p>Hallo, wir freuen uns Sie auf unseren Seiten begr\u00fc\u00dfen zu d\u00fcrfen! Unser Ladengesch\u00e4ft befindet sich in Sch\u00fcttorf in der Grafschaft Bad Bentheim. Wir betreuen Privat und Gesch\u00e4ftskunden im\u00a0Bereich EDV \/ Netzwerk \/ IT &#8211; L\u00f6sungen. Unsere \u00d6ffnungszeiten Montag bis Freitag: 10.00 bis 12.30 Uhr und 14:30 bis 18:30 Uhr Sonnabend:\u00a0 geschlossen Adresse: Hessenweg 17 48465 [&hellip;]<\/p>\n","protected":false},"author":1,"featured_media":0,"parent":0,"menu_order":0,"comment_status":"closed","ping_status":"open","template":"","meta":{"site-sidebar-layout":"default","site-content-layout":"","ast-site-content-layout":"default","site-content-style":"default","site-sidebar-style":"default","ast-global-header-display":"","ast-banner-title-visibility":"","ast-main-header-display":"","ast-hfb-above-header-display":"","ast-hfb-below-header-display":"","ast-hfb-mobile-header-display":"","site-post-title":"","ast-breadcrumbs-content":"","ast-featured-img":"","footer-sml-layout":"","ast-disable-related-posts":"","theme-transparent-header-meta":"","adv-header-id-meta":"","stick-header-meta":"","header-above-stick-meta":"","header-main-stick-meta":"","header-below-stick-meta":"","astra-migrate-meta-layouts":"set","ast-page-background-enabled":"default","ast-page-background-meta":{"desktop":{"background-color":"var(--ast-global-color-4)","background-image":"","background-repeat":"repeat","background-position":"center center","background-size":"auto","background-attachment":"scroll","background-type":"","background-media":"","overlay-type":"","overlay-color":"","overlay-opacity":"","overlay-gradient":""},"tablet":{"background-color":"","background-image":"","background-repeat":"repeat","background-position":"center center","background-size":"auto","background-attachment":"scroll","background-type":"","background-media":"","overlay-type":"","overlay-color":"","overlay-opacity":"","overlay-gradient":""},"mobile":{"background-color":"","background-image":"","background-repeat":"repeat","background-position":"center center","background-size":"auto","background-attachment":"scroll","background-type":"","background-media":"","overlay-type":"","overlay-color":"","overlay-opacity":"","overlay-gradient":""}},"ast-content-background-meta":{"desktop":{"background-color":"var(--ast-global-color-5)","background-image":"","background-repeat":"repeat","background-position":"center center","background-size":"auto","background-attachment":"scroll","background-type":"","background-media":"","overlay-type":"","overlay-color":"","overlay-opacity":"","overlay-gradient":""},"tablet":{"background-color":"var(--ast-global-color-5)","background-image":"","background-repeat":"repeat","background-position":"center center","background-size":"auto","background-attachment":"scroll","background-type":"","background-media":"","overlay-type":"","overlay-color":"","overlay-opacity":"","overlay-gradient":""},"mobile":{"background-color":"var(--ast-global-color-5)","background-image":"","background-repeat":"repeat","background-position":"center center","background-size":"auto","background-attachment":"scroll","background-type":"","background-media":"","overlay-type":"","overlay-color":"","overlay-opacity":"","overlay-gradient":""}},"footnotes":""},"class_list":["post-2","page","type-page","status-publish","hentry"],"_links":{"self":[{"href":"https:\/\/www.mp-computer.com\/homepage\/wp-json\/wp\/v2\/pages\/2","targetHints":{"allow":["GET"]}}],"collection":[{"href":"https:\/\/www.mp-computer.com\/homepage\/wp-json\/wp\/v2\/pages"}],"about":[{"href":"https:\/\/www.mp-computer.com\/homepage\/wp-json\/wp\/v2\/types\/page"}],"author":[{"embeddable":true,"href":"https:\/\/www.mp-computer.com\/homepage\/wp-json\/wp\/v2\/users\/1"}],"replies":[{"embeddable":true,"href":"https:\/\/www.mp-computer.com\/homepage\/wp-json\/wp\/v2\/comments?post=2"}],"version-history":[{"count":10,"href":"https:\/\/www.mp-computer.com\/homepage\/wp-json\/wp\/v2\/pages\/2\/revisions"}],"predecessor-version":[{"id":331,"href":"https:\/\/www.mp-computer.com\/homepage\/wp-json\/wp\/v2\/pages\/2\/revisions\/331"}],"wp:attachment":[{"href":"https:\/\/www.mp-computer.com\/homepage\/wp-json\/wp\/v2\/media?parent=2"}],"curies":[{"name":"wp","href":"https:\/\/api.w.org\/{rel}","templated":true}]}}